{"id":1263,"date":"2025-08-15T07:31:09","date_gmt":"2025-08-15T07:31:09","guid":{"rendered":"https:\/\/startersites.io\/elementor\/web-studio\/?page_id=1263"},"modified":"2025-11-04T17:52:42","modified_gmt":"2025-11-04T17:52:42","slug":"kontakt","status":"publish","type":"page","link":"https:\/\/djordjestojanovic.com\/en\/kontakt\/","title":{"rendered":"Contact"},"content":{"rendered":"<div data-elementor-type=\"wp-page\" data-elementor-id=\"1263\" class=\"elementor elementor-1263\">\n\t\t\t\t<div class=\"elementor-element elementor-element-f8e0308 e-flex e-con-boxed e-con e-parent\" data-id=\"f8e0308\" data-element_type=\"container\" data-settings=\"{&quot;background_background&quot;:&quot;classic&quot;}\">\n\t\t\t\t\t<div class=\"e-con-inner\">\n\t\t<div class=\"elementor-element elementor-element-3970ffe e-con-full e-flex e-con e-child\" data-id=\"3970ffe\" data-element_type=\"container\">\n\t\t<div class=\"elementor-element elementor-element-18863e9 e-con-full e-flex e-con e-child\" data-id=\"18863e9\" data-element_type=\"container\">\n\t\t\t\t<div class=\"elementor-element elementor-element-2562e1d elementor-widget elementor-widget-heading\" data-id=\"2562e1d\" data-element_type=\"widget\" data-widget_type=\"heading.default\">\n\t\t\t\t<div class=\"elementor-widget-container\">\n\t\t\t\t\t<h2 class=\"elementor-heading-title elementor-size-default\">Ready to collaborate? <\/h2>\t\t\t\t<\/div>\n\t\t\t\t<\/div>\n\t\t\t\t<div class=\"elementor-element elementor-element-9b4c059 elementor-widget__width-initial elementor-widget elementor-widget-text-editor\" data-id=\"9b4c059\" data-element_type=\"widget\" data-widget_type=\"text-editor.default\">\n\t\t\t\t<div class=\"elementor-widget-container\">\n\t\t\t\t\t\t\t\t\tI\u2019m always here to help. Feel free to reach out at any time, and I\u2019ll make sure to get back to you as soon as possible.\t\t\t\t\t\t\t\t<\/div>\n\t\t\t\t<\/div>\n\t\t\t\t<\/div>\n\t\t<div class=\"elementor-element elementor-element-e4e645b e-con-full ct-web-studio-form e-flex e-con e-child\" data-id=\"e4e645b\" data-element_type=\"container\" data-settings=\"{&quot;background_background&quot;:&quot;classic&quot;}\">\n\t\t\t\t<div class=\"elementor-element elementor-element-07617e2 fluentform-widget-submit-button-custom elementor-widget elementor-widget-fluent-form-widget\" data-id=\"07617e2\" data-element_type=\"widget\" data-widget_type=\"fluent-form-widget.default\">\n\t\t\t\t<div class=\"elementor-widget-container\">\n\t\t\t\t\t\n            <div class=\"fluentform-widget-wrapper fluentform-widget-align-default\">\n\n            \n            <div class='fluentform ff-default fluentform_wrapper_1 ffs_default_wrap'><form data-form_id=\"1\" id=\"fluentform_1\" class=\"frm-fluent-form fluent_form_1 ff-el-form-top ff_form_instance_1_1 ff-form-loading ffs_default\" data-form_instance=\"ff_form_instance_1_1\" method=\"POST\" action=\"\" ><fieldset  style=\"border: none!important;margin: 0!important;padding: 0!important;background-color: transparent!important;box-shadow: none!important;outline: none!important; min-inline-size: 100%;\">\n                    <legend class=\"ff_screen_reader_title\" style=\"display: block; margin: 0!important;padding: 0!important;height: 0!important;text-indent: -999999px;width: 0!important;overflow:hidden;\">Contact Form<\/legend><input type='hidden' name='__fluent_form_embded_post_id' value='1263' \/><input type=\"hidden\" id=\"_fluentform_1_fluentformnonce\" name=\"_fluentform_1_fluentformnonce\" value=\"753a766451\" \/><input type=\"hidden\" name=\"_wp_http_referer\" value=\"\/en\/wp-json\/wp\/v2\/pages\/1263\" \/><div data-name=\"ff_cn_id_1\"  class='ff-t-container ff-column-container ff_columns_total_2'><div class='ff-t-cell ff-t-column-1' style='flex-basis: 50%;'><div class='ff-el-group'><div class=\"ff-el-input--label ff-el-is-required asterisk-right\"><label for='ff_1_input_text' aria-label=\"First name\">First name<\/label><\/div><div class='ff-el-input--content'><input type=\"text\" name=\"input_text\" class=\"ff-el-form-control\" data-name=\"input_text\" id=\"ff_1_input_text\"  aria-invalid=\"false\" aria-required=\"true\"><\/div><\/div><\/div><div class='ff-t-cell ff-t-column-2' style='flex-basis: 50%;'><div class='ff-el-group'><div class=\"ff-el-input--label asterisk-right\"><label for='ff_1_input_text_1' aria-label=\"Last name\">Last name<\/label><\/div><div class='ff-el-input--content'><input type=\"text\" name=\"input_text_1\" class=\"ff-el-form-control\" data-name=\"input_text_1\" id=\"ff_1_input_text_1\"  aria-invalid=\"false\" aria-required=\"false\"><\/div><\/div><\/div><\/div><div data-name=\"ff_cn_id_2\"  class='ff-t-container ff-column-container ff_columns_total_2'><div class='ff-t-cell ff-t-column-1' style='flex-basis: 50%;'><div class='ff-el-group'><div class=\"ff-el-input--label ff-el-is-required asterisk-right\"><label for='ff_1_email' aria-label=\"E-mail address\">E-mail address<\/label><\/div><div class='ff-el-input--content'><input type=\"email\" name=\"email\" id=\"ff_1_email\" class=\"ff-el-form-control\" data-name=\"email\"  aria-invalid=\"false\" aria-required=\"true\"><\/div><\/div><\/div><div class='ff-t-cell ff-t-column-2' style='flex-basis: 50%;'><div class='ff-el-group'><div class=\"ff-el-input--label asterisk-right\"><label for='ff_1_input_text_2' aria-label=\"Subject\">Subject<\/label><\/div><div class='ff-el-input--content'><input type=\"text\" name=\"input_text_2\" class=\"ff-el-form-control\" data-name=\"input_text_2\" id=\"ff_1_input_text_2\"  aria-invalid=\"false\" aria-required=\"false\"><\/div><\/div><\/div><\/div><div class='ff-el-group'><div class=\"ff-el-input--label asterisk-right\"><label for='ff_1_description' aria-label=\"Message\">Message<\/label><\/div><div class='ff-el-input--content'><textarea aria-invalid=\"false\" aria-required=\"false\" name=\"description\" id=\"ff_1_description\" class=\"ff-el-form-control\" rows=\"3\" cols=\"2\" data-name=\"description\" ><\/textarea><\/div><\/div><div class='ff-el-group ff-text-left ff_submit_btn_wrapper'><button type=\"submit\" class=\"ff-btn ff-btn-submit ff-btn-md ff_btn_style\" >Send a message<\/button><\/div><\/fieldset><input type=\"hidden\" name=\"trp-form-language\" value=\"en\"\/><\/form><div id='fluentform_1_errors' class='ff-errors-in-stack ff_form_instance_1_1 ff-form-loading_errors ff_form_instance_1_1_errors'><\/div><\/div>            <script type=\"text\/javascript\">\n                window.fluent_form_ff_form_instance_1_1 = {\"id\":\"1\",\"settings\":{\"layout\":{\"labelPlacement\":\"top\",\"helpMessagePlacement\":\"with_label\",\"errorMessagePlacement\":\"inline\",\"cssClassName\":\"\",\"asteriskPlacement\":\"asterisk-right\"},\"restrictions\":{\"denyEmptySubmission\":{\"enabled\":false}}},\"form_instance\":\"ff_form_instance_1_1\",\"form_id_selector\":\"fluentform_1\",\"rules\":{\"input_text\":{\"required\":{\"value\":true,\"message\":\"Polje je obavezno.\",\"global_message\":\"This field is required\",\"global\":false}},\"input_text_1\":{\"required\":{\"value\":false,\"message\":\"This field is required\",\"global_message\":\"This field is required\",\"global\":true}},\"email\":{\"required\":{\"value\":true,\"message\":\"Popunite polje.\",\"global_message\":\"This field is required\",\"global\":false},\"email\":{\"value\":false,\"message\":\"This field must contain a valid email\",\"global_message\":\"This field must contain a valid email\",\"global\":true}},\"input_text_2\":{\"required\":{\"value\":false,\"message\":\"This field is required\",\"global_message\":\"This field is required\",\"global\":true}},\"description\":{\"required\":{\"value\":false,\"message\":\"This field is required\",\"global_message\":\"This field is required\",\"global\":true}}},\"debounce_time\":300};\n                            <\/script>\n                        <\/div>\n\n            \t\t\t\t<\/div>\n\t\t\t\t<\/div>\n\t\t\t\t<\/div>\n\t\t\t\t<\/div>\n\t\t\t\t\t<\/div>\n\t\t\t\t<\/div>\n\t\t<div class=\"elementor-element elementor-element-a0dd473 e-flex e-con-boxed e-con e-parent\" data-id=\"a0dd473\" data-element_type=\"container\">\n\t\t\t\t\t<div class=\"e-con-inner\">\n\t\t\t\t<div class=\"elementor-element elementor-element-ebc49b0 elementor-widget__width-initial elementor-widget elementor-widget-heading\" data-id=\"ebc49b0\" data-element_type=\"widget\" data-widget_type=\"heading.default\">\n\t\t\t\t<div class=\"elementor-widget-container\">\n\t\t\t\t\t<h2 class=\"elementor-heading-title elementor-size-default\">I\u2019m here to understand your goals and explore how I can help.<\/h2>\t\t\t\t<\/div>\n\t\t\t\t<\/div>\n\t\t\t\t\t<\/div>\n\t\t\t\t<\/div>\n\t\t<div class=\"elementor-element elementor-element-513f1bf e-grid e-con-boxed e-con e-parent\" data-id=\"513f1bf\" data-element_type=\"container\">\n\t\t\t\t\t<div class=\"e-con-inner\">\n\t\t<div class=\"elementor-element elementor-element-d34bc5f e-con-full e-flex e-con e-child\" data-id=\"d34bc5f\" data-element_type=\"container\" data-settings=\"{&quot;background_background&quot;:&quot;classic&quot;}\">\n\t\t<div class=\"elementor-element elementor-element-b129bd2 e-con-full e-flex e-con e-child\" data-id=\"b129bd2\" data-element_type=\"container\">\n\t\t\t\t<div class=\"elementor-element elementor-element-b2413a5 elementor-view-default elementor-widget elementor-widget-icon\" data-id=\"b2413a5\" data-element_type=\"widget\" data-widget_type=\"icon.default\">\n\t\t\t\t<div class=\"elementor-widget-container\">\n\t\t\t\t\t\t\t<div class=\"elementor-icon-wrapper\">\n\t\t\t<div class=\"elementor-icon\">\n\t\t\t<svg xmlns=\"http:\/\/www.w3.org\/2000\/svg\" viewbox=\"0 0 24 24\"><path d=\"M12 .175c-6.617 0-12 5.383-12 12s5.383 12 12 12c2.468 0 4.84-.744 6.858-2.152a1.054 1.054 0 0 0-1.205-1.729A9.834 9.834 0 0 1 12 22.067c-5.454 0-9.892-4.437-9.892-9.892 0-5.455 4.438-9.892 9.892-9.892 5.455 0 9.892 4.437 9.892 9.892v1.564c0 .396-.111.78-.324 1.112a2.065 2.065 0 0 1-1.75.961 2.076 2.076 0 0 1-2.073-2.073v-1.564c0-3.168-2.577-5.745-5.745-5.745s-5.745 2.577-5.745 5.745S8.832 17.92 12 17.92a5.73 5.73 0 0 0 4.294-1.933 4.183 4.183 0 0 0 7.052-.003c.428-.67.654-1.447.654-2.245v-1.564c0-6.617-5.383-12-12-12Zm0 15.637c-2.006 0-3.637-1.632-3.637-3.637S9.994 8.538 12 8.538c2.005 0 3.637 1.631 3.637 3.637S14.005 15.812 12 15.812Z\"><\/path><\/svg>\t\t\t<\/div>\n\t\t<\/div>\n\t\t\t\t\t\t<\/div>\n\t\t\t\t<\/div>\n\t\t\t\t<\/div>\n\t\t\t\t<div class=\"elementor-element elementor-element-94f2dae elementor-widget elementor-widget-heading\" data-id=\"94f2dae\" data-element_type=\"widget\" data-widget_type=\"heading.default\">\n\t\t\t\t<div class=\"elementor-widget-container\">\n\t\t\t\t\t<h3 class=\"elementor-heading-title elementor-size-default\">Contact<\/h3>\t\t\t\t<\/div>\n\t\t\t\t<\/div>\n\t\t\t\t<div class=\"elementor-element elementor-element-eae5817 elementor-widget elementor-widget-text-editor\" data-id=\"eae5817\" data-element_type=\"widget\" data-widget_type=\"text-editor.default\">\n\t\t\t\t<div class=\"elementor-widget-container\">\n\t\t\t\t\t\t\t\t\t<p>Feel free to contact me at any time, and I\u2019ll make sure to respond as quickly as possible.<\/p>\t\t\t\t\t\t\t\t<\/div>\n\t\t\t\t<\/div>\n\t\t\t\t<div class=\"elementor-element elementor-element-0708762 elementor-widget elementor-widget-text-editor\" data-id=\"0708762\" data-element_type=\"widget\" data-widget_type=\"text-editor.default\">\n\t\t\t\t<div class=\"elementor-widget-container\">\n\t\t\t\t\t\t\t\t\tkontakt@djordjestojanovic.com\t\t\t\t\t\t\t\t<\/div>\n\t\t\t\t<\/div>\n\t\t\t\t<\/div>\n\t\t<div class=\"elementor-element elementor-element-7be9150 e-con-full e-flex e-con e-child\" data-id=\"7be9150\" data-element_type=\"container\" data-settings=\"{&quot;background_background&quot;:&quot;classic&quot;}\">\n\t\t<div class=\"elementor-element elementor-element-154b04d e-con-full e-flex e-con e-child\" data-id=\"154b04d\" data-element_type=\"container\">\n\t\t\t\t<div class=\"elementor-element elementor-element-1740eac elementor-view-default elementor-widget elementor-widget-icon\" data-id=\"1740eac\" data-element_type=\"widget\" data-widget_type=\"icon.default\">\n\t\t\t\t<div class=\"elementor-widget-container\">\n\t\t\t\t\t\t\t<div class=\"elementor-icon-wrapper\">\n\t\t\t<div class=\"elementor-icon\">\n\t\t\t<svg xmlns=\"http:\/\/www.w3.org\/2000\/svg\" viewbox=\"0 0 24 24\"><path d=\"m21.804 13.072 2.02-6.053a3.355 3.355 0 0 0-.468-3.053 3.352 3.352 0 0 0-2.749-1.407H5.142A3.409 3.409 0 0 0 1.895.139H.968a.968.968 0 0 0 0 1.936h.927A1.46 1.46 0 0 1 3.332 3.32l.047.329.005.03 1.552 10.864.004.031.22 1.536a3.394 3.394 0 0 0 1.537 2.375 3.37 3.37 0 0 0-.645 1.987c0 1.868 1.52 3.389 3.39 3.389a3.392 3.392 0 0 0 3.061-4.842h3.56c-.21.44-.328.934-.328 1.453 0 1.868 1.52 3.389 3.39 3.389s3.388-1.52 3.388-3.39-1.52-3.387-3.387-3.388H8.515a1.46 1.46 0 0 1-1.438-1.248l-.064-.447H18.59a3.383 3.383 0 0 0 3.214-2.317Zm-2.68 5.948c.801 0 1.453.652 1.453 1.453s-.652 1.452-1.453 1.452c-.8 0-1.452-.651-1.452-1.452s.651-1.453 1.452-1.453Zm-9.683 0c.801 0 1.453.652 1.453 1.453s-.652 1.452-1.453 1.452c-.8 0-1.452-.651-1.452-1.452S8.64 19.02 9.44 19.02Zm-2.705-5.568-1.28-8.956h15.151c.473 0 .902.22 1.178.602.276.384.35.86.2 1.31l-2.018 6.052a1.45 1.45 0 0 1-1.377.992H6.736Z\"><\/path><\/svg>\t\t\t<\/div>\n\t\t<\/div>\n\t\t\t\t\t\t<\/div>\n\t\t\t\t<\/div>\n\t\t\t\t<\/div>\n\t\t\t\t<div class=\"elementor-element elementor-element-a58ca01 elementor-widget elementor-widget-heading\" data-id=\"a58ca01\" data-element_type=\"widget\" data-widget_type=\"heading.default\">\n\t\t\t\t<div class=\"elementor-widget-container\">\n\t\t\t\t\t<h3 class=\"elementor-heading-title elementor-size-default\">Sales<\/h3>\t\t\t\t<\/div>\n\t\t\t\t<\/div>\n\t\t\t\t<div class=\"elementor-element elementor-element-f11a8ce elementor-widget elementor-widget-text-editor\" data-id=\"f11a8ce\" data-element_type=\"widget\" data-widget_type=\"text-editor.default\">\n\t\t\t\t<div class=\"elementor-widget-container\">\n\t\t\t\t\t\t\t\t\t<p>Do you have questions about services or pricing? Send an inquiry and receive a detailed response.<\/p>\t\t\t\t\t\t\t\t<\/div>\n\t\t\t\t<\/div>\n\t\t\t\t<div class=\"elementor-element elementor-element-5f9eed2 elementor-widget elementor-widget-text-editor\" data-id=\"5f9eed2\" data-element_type=\"widget\" data-widget_type=\"text-editor.default\">\n\t\t\t\t<div class=\"elementor-widget-container\">\n\t\t\t\t\t\t\t\t\tinfo@djordjestojanovic.com\t\t\t\t\t\t\t\t<\/div>\n\t\t\t\t<\/div>\n\t\t\t\t<\/div>\n\t\t<div class=\"elementor-element elementor-element-3554921 e-con-full e-flex e-con e-child\" data-id=\"3554921\" data-element_type=\"container\" data-settings=\"{&quot;background_background&quot;:&quot;classic&quot;}\">\n\t\t<div class=\"elementor-element elementor-element-31a55d0 e-con-full e-flex e-con e-child\" data-id=\"31a55d0\" data-element_type=\"container\">\n\t\t\t\t<div class=\"elementor-element elementor-element-14f5e89 elementor-view-default elementor-widget elementor-widget-icon\" data-id=\"14f5e89\" data-element_type=\"widget\" data-widget_type=\"icon.default\">\n\t\t\t\t<div class=\"elementor-widget-container\">\n\t\t\t\t\t\t\t<div class=\"elementor-icon-wrapper\">\n\t\t\t<div class=\"elementor-icon\">\n\t\t\t<svg xmlns=\"http:\/\/www.w3.org\/2000\/svg\" viewbox=\"0 0 24 24\"><path d=\"M14.465 1.481a1.01 1.01 0 0 1 1.122-.898c1.93.215 3.738 1.115 5.227 2.602 1.485 1.483 2.386 3.29 2.602 5.227a1.016 1.016 0 1 1-2.02.227c-.166-1.473-.863-2.862-2.019-4.015-1.16-1.158-2.548-1.856-4.015-2.02a1.016 1.016 0 0 1-.897-1.123Zm.237 5.154c.73.142 1.364.454 1.787.876.423.423.734 1.058.876 1.787a1.018 1.018 0 0 0 1.996-.39c-.155-.793-.53-1.93-1.435-2.834-.904-.906-2.04-1.28-2.834-1.434a1.017 1.017 0 1 0-.39 1.996Zm9.235 12.676c-.389 2.099-2.473 3.59-2.929 3.892-.587.42-1.45.797-2.647.797-2.357 0-6.016-1.456-11.46-6.9v-.001C-1.313 8.886-.45 4.736.795 2.993 1.1 2.537 2.587.454 4.688.064c1.12-.208 2.228.102 3.2.899 3.976 3.275 3.607 5.128 2.772 7.044-.5 1.146-.83 1.904 1.342 3.952 2.192 2.069 3.038 1.713 4.107 1.263 1.915-.806 3.64-1.105 6.927 2.89.8.974 1.11 2.08.902 3.2Zm-2.472-1.91c-2.587-3.139-3.417-2.79-4.568-2.306-1.654.695-3.377 1.09-6.291-1.659-2.967-2.797-2.55-4.549-1.81-6.242.51-1.172.913-2.097-2.2-4.66-.495-.407-.987-.564-1.502-.478-1.228.204-2.36 1.667-2.597 2.048-.436.617-1.981 3.734 5.841 11.558 7.824 7.824 10.944 6.277 11.488 5.888a.817.817 0 0 1 .088-.057c.364-.227 1.826-1.36 2.03-2.587.085-.515-.071-1.006-.48-1.505Z\"><\/path><\/svg>\t\t\t<\/div>\n\t\t<\/div>\n\t\t\t\t\t\t<\/div>\n\t\t\t\t<\/div>\n\t\t\t\t<\/div>\n\t\t\t\t<div class=\"elementor-element elementor-element-65b9974 elementor-widget elementor-widget-heading\" data-id=\"65b9974\" data-element_type=\"widget\" data-widget_type=\"heading.default\">\n\t\t\t\t<div class=\"elementor-widget-container\">\n\t\t\t\t\t<h3 class=\"elementor-heading-title elementor-size-default\">Contact<\/h3>\t\t\t\t<\/div>\n\t\t\t\t<\/div>\n\t\t\t\t<div class=\"elementor-element elementor-element-3c22fdb elementor-widget elementor-widget-text-editor\" data-id=\"3c22fdb\" data-element_type=\"widget\" data-widget_type=\"text-editor.default\">\n\t\t\t\t<div class=\"elementor-widget-container\">\n\t\t\t\t\t\t\t\t\tMonday \u2013 Saturday: 8 AM \u2013 9 PM<br>Sunday: 11 AM \u2013 4 PM<br>\nMessage, Viber: 24\/7\t\t\t\t\t\t\t\t<\/div>\n\t\t\t\t<\/div>\n\t\t\t\t<div class=\"elementor-element elementor-element-351dabe elementor-widget elementor-widget-text-editor\" data-id=\"351dabe\" data-element_type=\"widget\" data-widget_type=\"text-editor.default\">\n\t\t\t\t<div class=\"elementor-widget-container\">\n\t\t\t\t\t\t\t\t\t+381 69 535 51 60\t\t\t\t\t\t\t\t<\/div>\n\t\t\t\t<\/div>\n\t\t\t\t<\/div>\n\t\t\t\t\t<\/div>\n\t\t\t\t<\/div>\n\t\t<div class=\"elementor-element elementor-element-acc51a1 e-grid e-con-boxed e-con e-parent\" data-id=\"acc51a1\" data-element_type=\"container\">\n\t\t\t\t\t<div class=\"e-con-inner\">\n\t\t\t\t<div class=\"elementor-element elementor-element-f2fc8b1 elementor-widget elementor-widget-heading\" data-id=\"f2fc8b1\" data-element_type=\"widget\" data-widget_type=\"heading.default\">\n\t\t\t\t<div class=\"elementor-widget-container\">\n\t\t\t\t\t<h2 class=\"elementor-heading-title elementor-size-default\">Where you can find me<\/h2>\t\t\t\t<\/div>\n\t\t\t\t<\/div>\n\t\t\t\t<div class=\"elementor-element elementor-element-a1a6329 elementor-widget__width-initial elementor-widget elementor-widget-text-editor\" data-id=\"a1a6329\" data-element_type=\"widget\" data-widget_type=\"text-editor.default\">\n\t\t\t\t<div class=\"elementor-widget-container\">\n\t\t\t\t\t\t\t\t\tMonday \u2013 Saturday: 8 AM \u2013 8 PM\t\t\t\t\t\t\t\t<\/div>\n\t\t\t\t<\/div>\n\t\t\t\t\t<\/div>\n\t\t\t\t<\/div>\n\t\t<div class=\"elementor-element elementor-element-76080ad e-flex e-con-boxed e-con e-parent\" data-id=\"76080ad\" data-element_type=\"container\">\n\t\t\t\t\t<div class=\"e-con-inner\">\n\t\t\t\t<div class=\"elementor-element elementor-element-a2e059d elementor-widget elementor-widget-html\" data-id=\"a2e059d\" data-element_type=\"widget\" data-widget_type=\"html.default\">\n\t\t\t\t<div class=\"elementor-widget-container\">\n\t\t\t\t\t<iframe src=\"https:\/\/www.google.com\/maps\/embed?pb=!1m18!1m12!1m3!1d21930.29382209881!2d20.3727669102042!3d44.84130595620799!2m3!1f0!2f0!3f0!3m2!1i1024!2i768!4f13.1!3m3!1m2!1s0x475a65b5eb661c8b%3A0x847497f8e0cfc57c!2sProdavnica%20tonera%20i%20kertrid%C5%BEa%20za%20%C5%A1tampa%C4%8De%20-%20OnShop%20-%20ITiha!5e0!3m2!1sen!2srs!4v1762109298971!5m2!1sen!2srs\" width=\"1200\" height=\"400\" style=\"border:0; border-radius: 20px;\" allowfullscreen=\"\" loading=\"lazy\" referrerpolicy=\"no-referrer-when-downgrade\"><\/iframe>\t\t\t\t<\/div>\n\t\t\t\t<\/div>\n\t\t\t\t\t<\/div>\n\t\t\t\t<\/div>\n\t\t\t\t<\/div>","protected":false},"excerpt":{"rendered":"<p>Spremni za saradnju? Uvek sam tu da pomognem. Slobodno me kontaktirajte u bilo kom trenutku, i potrudi\u0107u se da Vam odgovorim u najkra\u0107em roku. Contact Form ImePrezimeE-mailNaslov porukePorukaPo\u0161aljite poruku Tu sam da razumem Va\u0161e ciljeve i da istra\u017eim na\u010din na koji mogu da Vam pomognem. Kontakt Slobodno me kontaktirajte u bilo kom trenutku, i potrudi\u0107u [&hellip;]<\/p>","protected":false},"author":1,"featured_media":0,"parent":0,"menu_order":0,"comment_status":"closed","ping_status":"closed","template":"","meta":{"_acf_changed":false,"footnotes":""},"class_list":["post-1263","page","type-page","status-publish","hentry"],"blocksy_meta":{"has_hero_section":"disabled","vertical_spacing_source":"custom","content_area_spacing":"none","styles_descriptor":{"styles":{"desktop":"","tablet":"","mobile":""},"google_fonts":[],"version":6}},"acf":[],"_links":{"self":[{"href":"https:\/\/djordjestojanovic.com\/en\/wp-json\/wp\/v2\/pages\/1263","targetHints":{"allow":["GET"]}}],"collection":[{"href":"https:\/\/djordjestojanovic.com\/en\/wp-json\/wp\/v2\/pages"}],"about":[{"href":"https:\/\/djordjestojanovic.com\/en\/wp-json\/wp\/v2\/types\/page"}],"author":[{"embeddable":true,"href":"https:\/\/djordjestojanovic.com\/en\/wp-json\/wp\/v2\/users\/1"}],"replies":[{"embeddable":true,"href":"https:\/\/djordjestojanovic.com\/en\/wp-json\/wp\/v2\/comments?post=1263"}],"version-history":[{"count":10,"href":"https:\/\/djordjestojanovic.com\/en\/wp-json\/wp\/v2\/pages\/1263\/revisions"}],"predecessor-version":[{"id":6783,"href":"https:\/\/djordjestojanovic.com\/en\/wp-json\/wp\/v2\/pages\/1263\/revisions\/6783"}],"wp:attachment":[{"href":"https:\/\/djordjestojanovic.com\/en\/wp-json\/wp\/v2\/media?parent=1263"}],"curies":[{"name":"wp","href":"https:\/\/api.w.org\/{rel}","templated":true}]}}